{"id":1296,"date":"2025-04-24T16:24:57","date_gmt":"2025-04-24T14:24:57","guid":{"rendered":"https:\/\/domainedumurier.com\/dienste\/"},"modified":"2025-04-28T15:14:42","modified_gmt":"2025-04-28T13:14:42","slug":"dienste","status":"publish","type":"page","link":"https:\/\/domainedumurier.com\/de\/dienste\/","title":{"rendered":"Dienste"},"content":{"rendered":"\t\t<div data-elementor-type=\"wp-page\" data-elementor-id=\"1296\" class=\"elementor elementor-1296 elementor-242\" data-elementor-post-type=\"page\">\n\t\t\t\t<div class=\"elementor-element elementor-element-3b7b70c6 e-flex e-con-boxed e-con e-parent\" data-id=\"3b7b70c6\" data-element_type=\"container\" data-e-type=\"container\" data-settings=\"{&quot;background_background&quot;:&quot;classic&quot;}\">\n\t\t\t\t\t<div class=\"e-con-inner\">\n\t\t<div class=\"elementor-element elementor-element-5eae6cb e-con-full e-flex elementor-invisible e-con e-child\" data-id=\"5eae6cb\" data-element_type=\"container\" data-e-type=\"container\" data-settings=\"{&quot;animation&quot;:&quot;fadeIn&quot;}\">\n\t\t\t\t<div class=\"elementor-element elementor-element-a90ff79 elementor-align-center elementor-widget elementor-widget-breadcrumbs\" data-id=\"a90ff79\" data-element_type=\"widget\" data-e-type=\"widget\" data-widget_type=\"breadcrumbs.default\">\n\t\t\t\t<div class=\"elementor-widget-container\">\n\t\t\t\t\t<p id=\"breadcrumbs\"><span><span><a href=\"https:\/\/domainedumurier.com\/de\/home\/\">Home<\/a><\/span><\/span><\/p>\t\t\t\t<\/div>\n\t\t\t\t<\/div>\n\t\t\t\t<div class=\"elementor-element elementor-element-47ec0ea9 elementor-widget elementor-widget-heading\" data-id=\"47ec0ea9\" data-element_type=\"widget\" data-e-type=\"widget\" data-widget_type=\"heading.default\">\n\t\t\t\t<div class=\"elementor-widget-container\">\n\t\t\t\t\t<h1 class=\"elementor-heading-title elementor-size-default\">Unsere Dienste<\/h1>\t\t\t\t<\/div>\n\t\t\t\t<\/div>\n\t\t\t\t<div class=\"elementor-element elementor-element-57c3a393 elementor-widget elementor-widget-text-editor\" data-id=\"57c3a393\" data-element_type=\"widget\" data-e-type=\"widget\" data-widget_type=\"text-editor.default\">\n\t\t\t\t<div class=\"elementor-widget-container\">\n\t\t\t\t\t\t\t\t\t<p>W\u00e4hrend der Saison bieten wir Ihnen zudem folgende Dienstleistungen an<\/p>\t\t\t\t\t\t\t\t<\/div>\n\t\t\t\t<\/div>\n\t\t\t\t<\/div>\n\t\t\t\t\t<\/div>\n\t\t\t\t<\/div>\n\t\t<div class=\"elementor-element elementor-element-21c3ccc e-grid e-con-boxed e-con e-parent\" data-id=\"21c3ccc\" data-element_type=\"container\" data-e-type=\"container\" data-settings=\"{&quot;background_background&quot;:&quot;classic&quot;}\">\n\t\t\t\t\t<div class=\"e-con-inner\">\n\t\t\t\t<div class=\"elementor-element elementor-element-af44f71 elementor-position-top elementor-widget elementor-widget-image-box\" data-id=\"af44f71\" data-element_type=\"widget\" data-e-type=\"widget\" data-widget_type=\"image-box.default\">\n\t\t\t\t<div class=\"elementor-widget-container\">\n\t\t\t\t\t<div class=\"elementor-image-box-wrapper\"><figure class=\"elementor-image-box-img\"><img decoding=\"async\" src=\"https:\/\/domainedumurier.com\/wp-content\/uploads\/elementor\/thumbs\/wifi-r4tziime9dp4phylaarig79d7xiifeih98x77r6xsw.jpg\" title=\"Wifi\" alt=\"Wifi\" loading=\"lazy\" \/><\/figure><div class=\"elementor-image-box-content\"><h2 class=\"elementor-image-box-title\">Zugang Wifi<\/h2><p class=\"elementor-image-box-description\">Auf dem Gel\u00e4nde und in den Wohnungen ist WIFI kostenlos, verf\u00fcgbar <\/p><\/div><\/div>\t\t\t\t<\/div>\n\t\t\t\t<\/div>\n\t\t\t\t<div class=\"elementor-element elementor-element-2dedf1f elementor-position-top elementor-widget elementor-widget-image-box\" data-id=\"2dedf1f\" data-element_type=\"widget\" data-e-type=\"widget\" data-widget_type=\"image-box.default\">\n\t\t\t\t<div class=\"elementor-widget-container\">\n\t\t\t\t\t<div class=\"elementor-image-box-wrapper\"><figure class=\"elementor-image-box-img\"><img decoding=\"async\" src=\"https:\/\/domainedumurier.com\/wp-content\/uploads\/elementor\/thumbs\/petit-dejeuner-2-r4tzi4itev5tvcj2kmo3wstgb5g07xyi7b4x0lrue8.jpg\" title=\"Petit d\u00e9jeuner\" alt=\"Petit d\u00e9jeuner\" loading=\"lazy\" \/><\/figure><div class=\"elementor-image-box-content\"><h2 class=\"elementor-image-box-title\">Brot-Service<\/h2><p class=\"elementor-image-box-description\">Jeden Morgen eine gro\u00dfe Auswahl an traditionellen Brotsorten und Geb\u00e4ck, zubereitet von unserem Hausb\u00e4cker in Die.<\/p><\/div><\/div>\t\t\t\t<\/div>\n\t\t\t\t<\/div>\n\t\t\t\t<div class=\"elementor-element elementor-element-d9f0a91 elementor-position-top elementor-widget elementor-widget-image-box\" data-id=\"d9f0a91\" data-element_type=\"widget\" data-e-type=\"widget\" data-widget_type=\"image-box.default\">\n\t\t\t\t<div class=\"elementor-widget-container\">\n\t\t\t\t\t<div class=\"elementor-image-box-wrapper\"><figure class=\"elementor-image-box-img\"><img decoding=\"async\" src=\"https:\/\/domainedumurier.com\/wp-content\/uploads\/elementor\/thumbs\/sodas-r4tzifsvovl9qo2oqrjmqpyzfrwesb7a8uyqrxb4bk.jpg\" title=\"Sodas\" alt=\"Sodas\" loading=\"lazy\" \/><\/figure><div class=\"elementor-image-box-content\"><h2 class=\"elementor-image-box-title\">Getr\u00e4nke und Speiseeis<\/h2><p class=\"elementor-image-box-description\">W\u00e4hrend der \u00d6ffnungszeiten der Rezeption bieten wir Ihnen eine gro\u00dfe Auswahl an hei\u00dfen und kalten Getr\u00e4nken und zur Erfrischung Qualit\u00e4ts-Speiseeis.<\/p><\/div><\/div>\t\t\t\t<\/div>\n\t\t\t\t<\/div>\n\t\t\t\t<div class=\"elementor-element elementor-element-c67eb71 elementor-position-top elementor-widget elementor-widget-image-box\" data-id=\"c67eb71\" data-element_type=\"widget\" data-e-type=\"widget\" data-widget_type=\"image-box.default\">\n\t\t\t\t<div class=\"elementor-widget-container\">\n\t\t\t\t\t<div class=\"elementor-image-box-wrapper\"><figure class=\"elementor-image-box-img\"><img decoding=\"async\" src=\"https:\/\/domainedumurier.com\/wp-content\/uploads\/elementor\/thumbs\/petit-dejeuner-4-r4tzia5ujvdjt0avnp3vbre7vgo7i4kw831tw9jhcw.jpg\" title=\"Table d&#8217;h\u00f4te Die Dr\u00f4me\" alt=\"Table d&#039;h\u00f4te Die Dr\u00f4me\" loading=\"lazy\" \/><\/figure><div class=\"elementor-image-box-content\"><h2 class=\"elementor-image-box-title\">Table d'H\u00f4te<\/h2><p class=\"elementor-image-box-description\">Zweimal in der Woche begr\u00fc\u00dfen wir Sie zu einem Abendessen in einer freundlichen und famili\u00e4ren Atmosph\u00e4re. Hierbei genie\u00dfen Sie eine Mahlzeit (Aperitif, Hauptgericht, Dessert und Kaffee oder Tee) unter freiem Himmel . Thierry (hier in der Funktion des Chefkochs) arbeitet in der K\u00fcche mit frischen und saisonalen Produkten, die Ihren Gaumen erfreuen werden. <\/p><\/div><\/div>\t\t\t\t<\/div>\n\t\t\t\t<\/div>\n\t\t\t\t<div class=\"elementor-element elementor-element-651e607 elementor-position-top elementor-widget elementor-widget-image-box\" data-id=\"651e607\" data-element_type=\"widget\" data-e-type=\"widget\" data-widget_type=\"image-box.default\">\n\t\t\t\t<div class=\"elementor-widget-container\">\n\t\t\t\t\t<div class=\"elementor-image-box-wrapper\"><figure class=\"elementor-image-box-img\"><img decoding=\"async\" src=\"https:\/\/domainedumurier.com\/wp-content\/uploads\/elementor\/thumbs\/pizza-r4tzidx7b7ip3g5f1qqdlqg2905ocwztklnrtddwo0.jpg\" title=\"Pizza\" alt=\"Pizza\" loading=\"lazy\" \/><\/figure><div class=\"elementor-image-box-content\"><h2 class=\"elementor-image-box-title\">Frisch zubereitete Mahlzeiten zum Mitnehmen<\/h2><p class=\"elementor-image-box-description\">Hier bekommen Sie mehrmals w\u00f6chentlich handgemachte Pizza, Pommes und \u2026<\/p><\/div><\/div>\t\t\t\t<\/div>\n\t\t\t\t<\/div>\n\t\t\t\t<div class=\"elementor-element elementor-element-8bbe514 elementor-position-top elementor-widget elementor-widget-image-box\" data-id=\"8bbe514\" data-element_type=\"widget\" data-e-type=\"widget\" data-widget_type=\"image-box.default\">\n\t\t\t\t<div class=\"elementor-widget-container\">\n\t\t\t\t\t<div class=\"elementor-image-box-wrapper\"><figure class=\"elementor-image-box-img\"><img decoding=\"async\" src=\"https:\/\/domainedumurier.com\/wp-content\/uploads\/elementor\/thumbs\/lave-linge-r4tzhu6lborobmy39077ndfdrwuyv9tghvykqk76ao.jpg\" title=\"Lave-Linge\" alt=\"Lave-Linge\" loading=\"lazy\" \/><\/figure><div class=\"elementor-image-box-content\"><h2 class=\"elementor-image-box-title\">Waschmaschine<\/h2><p class=\"elementor-image-box-description\">Wir haben f\u00fcr Sie eine waschmaschine mit gro\u00dfer Kapazit\u00e4t, token bei der Rezeption.<\/p><\/div><\/div>\t\t\t\t<\/div>\n\t\t\t\t<\/div>\n\t\t\t\t<div class=\"elementor-element elementor-element-e37e2ee elementor-position-top elementor-widget elementor-widget-image-box\" data-id=\"e37e2ee\" data-element_type=\"widget\" data-e-type=\"widget\" data-widget_type=\"image-box.default\">\n\t\t\t\t<div class=\"elementor-widget-container\">\n\t\t\t\t\t<div class=\"elementor-image-box-wrapper\"><figure class=\"elementor-image-box-img\"><img decoding=\"async\" src=\"https:\/\/domainedumurier.com\/wp-content\/uploads\/elementor\/thumbs\/jaillance-r4tzhsawy0p3of0tjzdyidwgl548fvlztmnls09yn4.jpg\" title=\"Clairette de Die\" alt=\"Clairette de Die\" loading=\"lazy\" \/><\/figure><div class=\"elementor-image-box-content\"><h2 class=\"elementor-image-box-title\">Regionale Produkte<\/h2><p class=\"elementor-image-box-description\">Es ist uns ein besonderes Anliegen, Ihre Neugier f\u00fcr die regionalen Produkte und den traditionellen Rezepten dieser Region zu wecken: Ziegenk\u00e4se, Walnuss\u00f6l, getrockneten Lavendel...<\/p><\/div><\/div>\t\t\t\t<\/div>\n\t\t\t\t<\/div>\n\t\t\t\t<div class=\"elementor-element elementor-element-c1a7d0a elementor-position-top elementor-widget elementor-widget-image-box\" data-id=\"c1a7d0a\" data-element_type=\"widget\" data-e-type=\"widget\" data-widget_type=\"image-box.default\">\n\t\t\t\t<div class=\"elementor-widget-container\">\n\t\t\t\t\t<div class=\"elementor-image-box-wrapper\"><figure class=\"elementor-image-box-img\"><img decoding=\"async\" src=\"https:\/\/domainedumurier.com\/wp-content\/uploads\/elementor\/thumbs\/Sortie-velo--r4tzihok2jnudvzyfscvvphwmjn57peqx49pqh8bz4.jpg\" title=\"Sortie ve\u0301lo\" alt=\"Sortie ve\u0301lo\" loading=\"lazy\" \/><\/figure><div class=\"elementor-image-box-content\"><h2 class=\"elementor-image-box-title\">Ausfl\u00fcge und Besichtigungen<\/h2><p class=\"elementor-image-box-description\">Jederzeit stehen wir Ihnen gerne f\u00fcr Ausfl\u00fcge und andere Aktivit\u00e4ten beratend zur Seite. Dies umfasst u.a. Tipps f\u00fcr Spazierg\u00e4nge in der Region, Orts- oder St\u00e4dtebesuche (z.B. die Keller von der Clairette), Trials f\u00fcr Mountainbiker oder Radtouren in der Umgebung, Kanufahren, Klettern oder Klettertouren...<\/p><\/div><\/div>\t\t\t\t<\/div>\n\t\t\t\t<\/div>\n\t\t\t\t<div class=\"elementor-element elementor-element-32cea37 elementor-position-top elementor-widget elementor-widget-image-box\" data-id=\"32cea37\" data-element_type=\"widget\" data-e-type=\"widget\" data-widget_type=\"image-box.default\">\n\t\t\t\t<div class=\"elementor-widget-container\">\n\t\t\t\t\t<div class=\"elementor-image-box-wrapper\"><figure class=\"elementor-image-box-img\"><img decoding=\"async\" src=\"https:\/\/domainedumurier.com\/wp-content\/uploads\/elementor\/thumbs\/randonnee-vercors-3-r4tzjrqndfew6s51yu9lrvvhqfc4ovhlfg8i91c1i8.jpg\" title=\"Randonn\u00e9e dans le Vercors\" alt=\"Randonn\u00e9e dans le Vercors\" loading=\"lazy\" \/><\/figure><div class=\"elementor-image-box-content\"><h2 class=\"elementor-image-box-title\">Regionale Reiseliteratur und eine Vielzahl von Wanderkarten.<\/h2><p class=\"elementor-image-box-description\">In dem Infobereich unserer Rezeption finden Sie zudem regionale Reiseliteratur und eine Vielzahl von Wanderkarten.\nBedingt durch die Liebe zur Natur und der eigenen Freude an Outdoor-Aktivit\u00e4ten stehen wir Ihnen gerne beratend f\u00fcr Ihre Entdeckungsreisen in unserer sch\u00f6nen Region zu Verf\u00fcgung!<\/p><\/div><\/div>\t\t\t\t<\/div>\n\t\t\t\t<\/div>\n\t\t\t\t\t<\/div>\n\t\t\t\t<\/div>\n\t\t\t\t<\/div>\n\t\t","protected":false},"excerpt":{"rendered":"<p>Unsere Dienste W\u00e4hrend der Saison bieten wir Ihnen zudem folgende Dienstleistungen an Zugang Wifi Auf dem Gel\u00e4nde und in den Wohnungen ist WIFI kostenlos, verf\u00fcgbar Brot-Service Jeden Morgen eine gro\u00dfe Auswahl an traditionellen Brotsorten und Geb\u00e4ck, zubereitet von unserem Hausb\u00e4cker in Die. Getr\u00e4nke und Speiseeis W\u00e4hrend der \u00d6ffnungszeiten der Rezeption bieten wir Ihnen eine gro\u00dfe [&hellip;]<\/p>\n","protected":false},"author":1,"featured_media":813,"parent":0,"menu_order":0,"comment_status":"closed","ping_status":"closed","template":"","meta":{"footnotes":""},"class_list":["post-1296","page","type-page","status-publish","has-post-thumbnail","hentry"],"_links":{"self":[{"href":"https:\/\/domainedumurier.com\/de\/wp-json\/wp\/v2\/pages\/1296","targetHints":{"allow":["GET"]}}],"collection":[{"href":"https:\/\/domainedumurier.com\/de\/wp-json\/wp\/v2\/pages"}],"about":[{"href":"https:\/\/domainedumurier.com\/de\/wp-json\/wp\/v2\/types\/page"}],"author":[{"embeddable":true,"href":"https:\/\/domainedumurier.com\/de\/wp-json\/wp\/v2\/users\/1"}],"replies":[{"embeddable":true,"href":"https:\/\/domainedumurier.com\/de\/wp-json\/wp\/v2\/comments?post=1296"}],"version-history":[{"count":1,"href":"https:\/\/domainedumurier.com\/de\/wp-json\/wp\/v2\/pages\/1296\/revisions"}],"predecessor-version":[{"id":1297,"href":"https:\/\/domainedumurier.com\/de\/wp-json\/wp\/v2\/pages\/1296\/revisions\/1297"}],"wp:featuredmedia":[{"embeddable":true,"href":"https:\/\/domainedumurier.com\/de\/wp-json\/wp\/v2\/media\/813"}],"wp:attachment":[{"href":"https:\/\/domainedumurier.com\/de\/wp-json\/wp\/v2\/media?parent=1296"}],"curies":[{"name":"wp","href":"https:\/\/api.w.org\/{rel}","templated":true}]}}