{"id":1284,"date":"2025-04-24T16:25:54","date_gmt":"2025-04-24T14:25:54","guid":{"rendered":"https:\/\/domainedumurier.com\/rechtliche-hinweise\/"},"modified":"2025-04-28T15:04:20","modified_gmt":"2025-04-28T13:04:20","slug":"rechtliche-hinweise","status":"publish","type":"page","link":"https:\/\/domainedumurier.com\/de\/rechtliche-hinweise\/","title":{"rendered":"Rechtliche Hinweise"},"content":{"rendered":"\t\t<div data-elementor-type=\"wp-page\" data-elementor-id=\"1284\" class=\"elementor elementor-1284 elementor-248\" data-elementor-post-type=\"page\">\n\t\t\t\t<div class=\"elementor-element elementor-element-9bde76f e-flex e-con-boxed e-con e-parent\" data-id=\"9bde76f\" data-element_type=\"container\" data-e-type=\"container\">\n\t\t\t\t\t<div class=\"e-con-inner\">\n\t\t<div class=\"elementor-element elementor-element-cb3d1a2 e-con-full e-flex e-con e-child\" data-id=\"cb3d1a2\" data-element_type=\"container\" data-e-type=\"container\">\n\t\t\t\t<div class=\"elementor-element elementor-element-e5415ed elementor-widget elementor-widget-heading\" data-id=\"e5415ed\" data-element_type=\"widget\" data-e-type=\"widget\" data-widget_type=\"heading.default\">\n\t\t\t\t<div class=\"elementor-widget-container\">\n\t\t\t\t\t<h2 class=\"elementor-heading-title elementor-size-default\">Verantwortlich f\u00fcr die Ver\u00f6ffentlichung<\/h2>\t\t\t\t<\/div>\n\t\t\t\t<\/div>\n\t\t\t\t<div class=\"elementor-element elementor-element-e2507ae elementor-widget elementor-widget-text-editor\" data-id=\"e2507ae\" data-element_type=\"widget\" data-e-type=\"widget\" data-widget_type=\"text-editor.default\">\n\t\t\t\t<div class=\"elementor-widget-container\">\n\t\t\t\t\t\t\t\t\t<p><strong>Domaine du M\u00fbrier<\/strong><\/p><p>1050 Chemin Chandillon<br>26150 Die \u2013 France<\/p><p><a href=\"mailto:info@domainedumurier.com\">info@domainedumurier.com<\/a><br>+33 (0)4 75 21 30 16<br>+33 (0)6 32 75 57 31<\/p>\t\t\t\t\t\t\t\t<\/div>\n\t\t\t\t<\/div>\n\t\t\t\t<\/div>\n\t\t<div class=\"elementor-element elementor-element-7b30516 e-con-full e-flex e-con e-child\" data-id=\"7b30516\" data-element_type=\"container\" data-e-type=\"container\">\n\t\t\t\t<div class=\"elementor-element elementor-element-6634826 elementor-widget elementor-widget-heading\" data-id=\"6634826\" data-element_type=\"widget\" data-e-type=\"widget\" data-widget_type=\"heading.default\">\n\t\t\t\t<div class=\"elementor-widget-container\">\n\t\t\t\t\t<h2 class=\"elementor-heading-title elementor-size-default\">Webdesign<\/h2>\t\t\t\t<\/div>\n\t\t\t\t<\/div>\n\t\t\t\t<div class=\"elementor-element elementor-element-87321d3 elementor-widget elementor-widget-text-editor\" data-id=\"87321d3\" data-element_type=\"widget\" data-e-type=\"widget\" data-widget_type=\"text-editor.default\">\n\t\t\t\t<div class=\"elementor-widget-container\">\n\t\t\t\t\t\t\t\t\t<p><strong>Creadiwa<\/strong><\/p><p><a href=\"https:\/\/creadiwa.fr\/\" target=\"_blank\" rel=\"noopener\">creadiwa.fr<\/a><br>gail[at]creadiwa.fr<br>+33 (0)616134512<\/p>\t\t\t\t\t\t\t\t<\/div>\n\t\t\t\t<\/div>\n\t\t\t\t<\/div>\n\t\t<div class=\"elementor-element elementor-element-51bdf65 e-con-full e-flex e-con e-child\" data-id=\"51bdf65\" data-element_type=\"container\" data-e-type=\"container\">\n\t\t\t\t<div class=\"elementor-element elementor-element-b032243 elementor-widget elementor-widget-heading\" data-id=\"b032243\" data-element_type=\"widget\" data-e-type=\"widget\" data-widget_type=\"heading.default\">\n\t\t\t\t<div class=\"elementor-widget-container\">\n\t\t\t\t\t<h2 class=\"elementor-heading-title elementor-size-default\">Web Hosting<\/h2>\t\t\t\t<\/div>\n\t\t\t\t<\/div>\n\t\t\t\t<div class=\"elementor-element elementor-element-6e33d51 elementor-widget elementor-widget-text-editor\" data-id=\"6e33d51\" data-element_type=\"widget\" data-e-type=\"widget\" data-widget_type=\"text-editor.default\">\n\t\t\t\t<div class=\"elementor-widget-container\">\n\t\t\t\t\t\t\t\t\t<p><strong>Six86<\/strong><\/p><p>91Bis rue G\u00e9n\u00e9ral Mangin<br>38100 GRENOBLE<\/p><p><a href=\"https:\/\/www.six86.net\/\" target=\"_blank\" rel=\"noopener\">six86.net<\/a><br>+33 (0)4 76 41 85 76<br>+33 (0)6 26 37 56 52<\/p><p><em>Montag bis Donnerstag: 8.30 &#8211; 12 Uhr \/ 14 &#8211; 17 Uhr<br><\/em><em>Freitagmorgen: 8.30 &#8211; 12 Uhr<\/em><\/p>\t\t\t\t\t\t\t\t<\/div>\n\t\t\t\t<\/div>\n\t\t\t\t<\/div>\n\t\t\t\t\t<\/div>\n\t\t\t\t<\/div>\n\t\t\t\t<\/div>\n\t\t","protected":false},"excerpt":{"rendered":"<p>Verantwortlich f\u00fcr die Ver\u00f6ffentlichung Domaine du M\u00fbrier 1050 Chemin Chandillon26150 Die \u2013 France info@domainedumurier.com+33 (0)4 75 21 30 16+33 (0)6 32 75 57 31 Webdesign Creadiwa creadiwa.frgail[at]creadiwa.fr+33 (0)616134512 Web Hosting Six86 91Bis rue G\u00e9n\u00e9ral Mangin38100 GRENOBLE six86.net+33 (0)4 76 41 85 76+33 (0)6 26 37 56 52 Montag bis Donnerstag: 8.30 &#8211; 12 Uhr \/ [&hellip;]<\/p>\n","protected":false},"author":1,"featured_media":0,"parent":0,"menu_order":0,"comment_status":"closed","ping_status":"closed","template":"","meta":{"footnotes":""},"class_list":["post-1284","page","type-page","status-publish","hentry"],"_links":{"self":[{"href":"https:\/\/domainedumurier.com\/de\/wp-json\/wp\/v2\/pages\/1284","targetHints":{"allow":["GET"]}}],"collection":[{"href":"https:\/\/domainedumurier.com\/de\/wp-json\/wp\/v2\/pages"}],"about":[{"href":"https:\/\/domainedumurier.com\/de\/wp-json\/wp\/v2\/types\/page"}],"author":[{"embeddable":true,"href":"https:\/\/domainedumurier.com\/de\/wp-json\/wp\/v2\/users\/1"}],"replies":[{"embeddable":true,"href":"https:\/\/domainedumurier.com\/de\/wp-json\/wp\/v2\/comments?post=1284"}],"version-history":[{"count":1,"href":"https:\/\/domainedumurier.com\/de\/wp-json\/wp\/v2\/pages\/1284\/revisions"}],"predecessor-version":[{"id":1285,"href":"https:\/\/domainedumurier.com\/de\/wp-json\/wp\/v2\/pages\/1284\/revisions\/1285"}],"wp:attachment":[{"href":"https:\/\/domainedumurier.com\/de\/wp-json\/wp\/v2\/media?parent=1284"}],"curies":[{"name":"wp","href":"https:\/\/api.w.org\/{rel}","templated":true}]}}